{"id":4523,"date":"2019-07-26T12:37:22","date_gmt":"2019-07-26T10:37:22","guid":{"rendered":"https:\/\/lestilleulsetretat.com\/?page_id=4523"},"modified":"2019-07-26T12:37:55","modified_gmt":"2019-07-26T10:37:55","slug":"mentions-legales","status":"publish","type":"page","link":"https:\/\/lestilleulsetretat.com\/en\/mentions-legales\/","title":{"rendered":"Legal Mentions"},"content":{"rendered":"<p><span style=\"color: #000000;\">Maison Gersdorff<\/span><span style=\"color: #000000; font-size: small;\">\u00a0SARL<\/span><span style=\"color: #000000; font-size: small;\">\u00a0\u00a0\u00a0\u00a0\u00a0\u00a0\u00a0\u00a0 \u00a0\u00a0\u00a0\u00a0\u00a0\u00a0\u00a0\u00a0\u00a0\u00a0\u00a0\u00a0<\/span><\/p>\n<p>Numero d&rsquo;entreprise FR53850485765<\/p>\n<p>Forme l\u00e9gale : SARL<span class=\"m_-4118658963781212359text_exposed_show\"><br \/>\nAdresse si\u00e8ge social :\u00a0Rue Isabey 45 76750 Etretat<\/span><\/p>\n<p><span class=\"m_-4118658963781212359text_exposed_show\">Contact :\u00a0<a href=\"mailto:info@lestilleulsetretat.com\" target=\"_blank\" rel=\"noopener noreferrer\">info@lestilleulsetretat.com<\/a><\/span><\/p>\n<p><span class=\"m_-4118658963781212359text_exposed_show\">02.35.27.76.76<\/span><\/p>","protected":false},"excerpt":{"rendered":"<p>Maison Gersdorff\u00a0SARL\u00a0\u00a0\u00a0\u00a0\u00a0\u00a0\u00a0\u00a0 \u00a0\u00a0\u00a0\u00a0\u00a0\u00a0\u00a0\u00a0\u00a0\u00a0\u00a0\u00a0 Numero d&rsquo;entreprise FR53850485765 Forme l\u00e9gale : SARL Adresse si\u00e8ge social :\u00a0Rue Isabey 45 76750 Etretat Contact :\u00a0info@lestilleulsetretat.com 02.35.27.76.76<\/p>","protected":false},"author":1,"featured_media":0,"parent":0,"menu_order":0,"comment_status":"closed","ping_status":"closed","template":"","meta":{"footnotes":""},"class_list":["post-4523","page","type-page","status-publish","hentry"],"yoast_head":"<!-- This site is optimized with the Yoast SEO plugin v27.4 - https:\/\/yoast.com\/product\/yoast-seo-wordpress\/ -->\n<title>Mentions L\u00e9gales - Les Tilleuls Etretat<\/title>\n<meta name=\"description\" content=\"Les Tilleuls est un h\u00f4tel particulier de 1738. Ce lieu privil\u00e9gi\u00e9 est situ\u00e9 dans un nid de verdure en plein c\u0153ur\u200b d&#039;Etretat.\" \/>\n<meta name=\"robots\" content=\"index, follow, max-snippet:-1, max-image-preview:large, max-video-preview:-1\" \/>\n<link rel=\"canonical\" href=\"https:\/\/lestilleulsetretat.com\/en\/mentions-legales\/\" \/>\n<meta property=\"og:locale\" content=\"en_GB\" \/>\n<meta property=\"og:type\" content=\"article\" \/>\n<meta property=\"og:title\" content=\"Mentions L\u00e9gales - Les Tilleuls Etretat\" \/>\n<meta property=\"og:description\" content=\"Les Tilleuls est un h\u00f4tel particulier de 1738. Ce lieu privil\u00e9gi\u00e9 est situ\u00e9 dans un nid de verdure en plein c\u0153ur\u200b d&#039;Etretat.\" \/>\n<meta property=\"og:url\" content=\"https:\/\/lestilleulsetretat.com\/en\/mentions-legales\/\" \/>\n<meta property=\"og:site_name\" content=\"Les Tilleuls Etretat\" \/>\n<meta property=\"article:publisher\" content=\"https:\/\/www.facebook.com\/lestilleuls.etretat\" \/>\n<meta property=\"article:modified_time\" content=\"2019-07-26T10:37:55+00:00\" \/>\n<meta name=\"twitter:card\" content=\"summary_large_image\" \/>\n<script type=\"application\/ld+json\" class=\"yoast-schema-graph\">{\"@context\":\"https:\\\/\\\/schema.org\",\"@graph\":[{\"@type\":\"WebPage\",\"@id\":\"https:\\\/\\\/lestilleulsetretat.com\\\/mentions-legales\\\/\",\"url\":\"https:\\\/\\\/lestilleulsetretat.com\\\/mentions-legales\\\/\",\"name\":\"Mentions L\u00e9gales - Les Tilleuls Etretat\",\"isPartOf\":{\"@id\":\"https:\\\/\\\/lestilleulsetretat.com\\\/#website\"},\"datePublished\":\"2019-07-26T10:37:22+00:00\",\"dateModified\":\"2019-07-26T10:37:55+00:00\",\"description\":\"Les Tilleuls est un h\u00f4tel particulier de 1738. Ce lieu privil\u00e9gi\u00e9 est situ\u00e9 dans un nid de verdure en plein c\u0153ur\u200b d'Etretat.\",\"breadcrumb\":{\"@id\":\"https:\\\/\\\/lestilleulsetretat.com\\\/mentions-legales\\\/#breadcrumb\"},\"inLanguage\":\"en-GB\",\"potentialAction\":[{\"@type\":\"ReadAction\",\"target\":[\"https:\\\/\\\/lestilleulsetretat.com\\\/mentions-legales\\\/\"]}]},{\"@type\":\"BreadcrumbList\",\"@id\":\"https:\\\/\\\/lestilleulsetretat.com\\\/mentions-legales\\\/#breadcrumb\",\"itemListElement\":[{\"@type\":\"ListItem\",\"position\":1,\"name\":\"Home\",\"item\":\"https:\\\/\\\/lestilleulsetretat.com\\\/\"},{\"@type\":\"ListItem\",\"position\":2,\"name\":\"Mentions L\u00e9gales\"}]},{\"@type\":\"WebSite\",\"@id\":\"https:\\\/\\\/lestilleulsetretat.com\\\/#website\",\"url\":\"https:\\\/\\\/lestilleulsetretat.com\\\/\",\"name\":\"Les Tilleuls Etretat\",\"description\":\"Les Tilleuls - H\u00f4tel Particulier\",\"potentialAction\":[{\"@type\":\"SearchAction\",\"target\":{\"@type\":\"EntryPoint\",\"urlTemplate\":\"https:\\\/\\\/lestilleulsetretat.com\\\/?s={search_term_string}\"},\"query-input\":{\"@type\":\"PropertyValueSpecification\",\"valueRequired\":true,\"valueName\":\"search_term_string\"}}],\"inLanguage\":\"en-GB\"}]}<\/script>\n<!-- \/ Yoast SEO plugin. -->","yoast_head_json":{"title":"Mentions L\u00e9gales - Les Tilleuls Etretat","description":"Les Tilleuls est un h\u00f4tel particulier de 1738. Ce lieu privil\u00e9gi\u00e9 est situ\u00e9 dans un nid de verdure en plein c\u0153ur\u200b d'Etretat.","robots":{"index":"index","follow":"follow","max-snippet":"max-snippet:-1","max-image-preview":"max-image-preview:large","max-video-preview":"max-video-preview:-1"},"canonical":"https:\/\/lestilleulsetretat.com\/en\/mentions-legales\/","og_locale":"en_GB","og_type":"article","og_title":"Mentions L\u00e9gales - Les Tilleuls Etretat","og_description":"Les Tilleuls est un h\u00f4tel particulier de 1738. Ce lieu privil\u00e9gi\u00e9 est situ\u00e9 dans un nid de verdure en plein c\u0153ur\u200b d'Etretat.","og_url":"https:\/\/lestilleulsetretat.com\/en\/mentions-legales\/","og_site_name":"Les Tilleuls Etretat","article_publisher":"https:\/\/www.facebook.com\/lestilleuls.etretat","article_modified_time":"2019-07-26T10:37:55+00:00","twitter_card":"summary_large_image","schema":{"@context":"https:\/\/schema.org","@graph":[{"@type":"WebPage","@id":"https:\/\/lestilleulsetretat.com\/mentions-legales\/","url":"https:\/\/lestilleulsetretat.com\/mentions-legales\/","name":"Mentions L\u00e9gales - Les Tilleuls Etretat","isPartOf":{"@id":"https:\/\/lestilleulsetretat.com\/#website"},"datePublished":"2019-07-26T10:37:22+00:00","dateModified":"2019-07-26T10:37:55+00:00","description":"Les Tilleuls est un h\u00f4tel particulier de 1738. Ce lieu privil\u00e9gi\u00e9 est situ\u00e9 dans un nid de verdure en plein c\u0153ur\u200b d'Etretat.","breadcrumb":{"@id":"https:\/\/lestilleulsetretat.com\/mentions-legales\/#breadcrumb"},"inLanguage":"en-GB","potentialAction":[{"@type":"ReadAction","target":["https:\/\/lestilleulsetretat.com\/mentions-legales\/"]}]},{"@type":"BreadcrumbList","@id":"https:\/\/lestilleulsetretat.com\/mentions-legales\/#breadcrumb","itemListElement":[{"@type":"ListItem","position":1,"name":"Home","item":"https:\/\/lestilleulsetretat.com\/"},{"@type":"ListItem","position":2,"name":"Mentions L\u00e9gales"}]},{"@type":"WebSite","@id":"https:\/\/lestilleulsetretat.com\/#website","url":"https:\/\/lestilleulsetretat.com\/","name":"Les Tilleuls Etretat","description":"Les Tilleuls - H\u00f4tel Particulier","potentialAction":[{"@type":"SearchAction","target":{"@type":"EntryPoint","urlTemplate":"https:\/\/lestilleulsetretat.com\/?s={search_term_string}"},"query-input":{"@type":"PropertyValueSpecification","valueRequired":true,"valueName":"search_term_string"}}],"inLanguage":"en-GB"}]}},"_links":{"self":[{"href":"https:\/\/lestilleulsetretat.com\/en\/wp-json\/wp\/v2\/pages\/4523","targetHints":{"allow":["GET"]}}],"collection":[{"href":"https:\/\/lestilleulsetretat.com\/en\/wp-json\/wp\/v2\/pages"}],"about":[{"href":"https:\/\/lestilleulsetretat.com\/en\/wp-json\/wp\/v2\/types\/page"}],"author":[{"embeddable":true,"href":"https:\/\/lestilleulsetretat.com\/en\/wp-json\/wp\/v2\/users\/1"}],"replies":[{"embeddable":true,"href":"https:\/\/lestilleulsetretat.com\/en\/wp-json\/wp\/v2\/comments?post=4523"}],"version-history":[{"count":2,"href":"https:\/\/lestilleulsetretat.com\/en\/wp-json\/wp\/v2\/pages\/4523\/revisions"}],"predecessor-version":[{"id":4525,"href":"https:\/\/lestilleulsetretat.com\/en\/wp-json\/wp\/v2\/pages\/4523\/revisions\/4525"}],"wp:attachment":[{"href":"https:\/\/lestilleulsetretat.com\/en\/wp-json\/wp\/v2\/media?parent=4523"}],"curies":[{"name":"wp","href":"https:\/\/api.w.org\/{rel}","templated":true}]}}