{"id":4821,"date":"2019-11-06T18:20:39","date_gmt":"2019-11-06T17:20:39","guid":{"rendered":"https:\/\/lestilleulsetretat.com\/?page_id=4821"},"modified":"2023-10-11T19:15:15","modified_gmt":"2023-10-11T17:15:15","slug":"shooting-photos-films","status":"publish","type":"page","link":"https:\/\/lestilleulsetretat.com\/en\/shooting-photos-films\/","title":{"rendered":"Photoshoot"},"content":{"rendered":"","protected":false},"excerpt":{"rendered":"","protected":false},"author":1,"featured_media":0,"parent":0,"menu_order":0,"comment_status":"closed","ping_status":"closed","template":"","meta":{"footnotes":""},"class_list":["post-4821","page","type-page","status-publish","hentry","page_category-privatisations"],"yoast_head":"<!-- This site is optimized with the Yoast SEO plugin v27.4 - https:\/\/yoast.com\/product\/yoast-seo-wordpress\/ -->\n<title>Shooting Photos - Les Tilleuls Etretat<\/title>\n<meta name=\"description\" content=\"Vous cherchez un lieu pour une prise de vue photo, \u00e9dito, catalogue, campagne publicitaire\u2026 ou pour un tournage de film, pub ou long-m\u00e9trage ? Les Tilleuls Etretat est un h\u00f4tel particulier aux vieux parquets d\u2019\u00e9poque, chemin\u00e9es en pierre de caract\u00e8re et d\u00e9coration bourgeoise raffin\u00e9e.\" \/>\n<meta name=\"robots\" content=\"index, follow, max-snippet:-1, max-image-preview:large, max-video-preview:-1\" \/>\n<link rel=\"canonical\" href=\"https:\/\/lestilleulsetretat.com\/en\/shooting-photos-films\/\" \/>\n<meta property=\"og:locale\" content=\"en_GB\" \/>\n<meta property=\"og:type\" content=\"article\" \/>\n<meta property=\"og:title\" content=\"Shooting Photos - Les Tilleuls Etretat\" \/>\n<meta property=\"og:description\" content=\"Vous cherchez un lieu pour une prise de vue photo, \u00e9dito, catalogue, campagne publicitaire\u2026 ou pour un tournage de film, pub ou long-m\u00e9trage ? Les Tilleuls Etretat est un h\u00f4tel particulier aux vieux parquets d\u2019\u00e9poque, chemin\u00e9es en pierre de caract\u00e8re et d\u00e9coration bourgeoise raffin\u00e9e.\" \/>\n<meta property=\"og:url\" content=\"https:\/\/lestilleulsetretat.com\/en\/shooting-photos-films\/\" \/>\n<meta property=\"og:site_name\" content=\"Les Tilleuls Etretat\" \/>\n<meta property=\"article:publisher\" content=\"https:\/\/www.facebook.com\/lestilleuls.etretat\" \/>\n<meta property=\"article:modified_time\" content=\"2023-10-11T17:15:15+00:00\" \/>\n<meta name=\"twitter:card\" content=\"summary_large_image\" \/>\n<script type=\"application\/ld+json\" class=\"yoast-schema-graph\">{\"@context\":\"https:\\\/\\\/schema.org\",\"@graph\":[{\"@type\":\"WebPage\",\"@id\":\"https:\\\/\\\/lestilleulsetretat.com\\\/shooting-photos-films\\\/\",\"url\":\"https:\\\/\\\/lestilleulsetretat.com\\\/shooting-photos-films\\\/\",\"name\":\"Shooting Photos - Les Tilleuls Etretat\",\"isPartOf\":{\"@id\":\"https:\\\/\\\/lestilleulsetretat.com\\\/#website\"},\"datePublished\":\"2019-11-06T17:20:39+00:00\",\"dateModified\":\"2023-10-11T17:15:15+00:00\",\"description\":\"Vous cherchez un lieu pour une prise de vue photo, \u00e9dito, catalogue, campagne publicitaire\u2026 ou pour un tournage de film, pub ou long-m\u00e9trage ? Les Tilleuls Etretat est un h\u00f4tel particulier aux vieux parquets d\u2019\u00e9poque, chemin\u00e9es en pierre de caract\u00e8re et d\u00e9coration bourgeoise raffin\u00e9e.\",\"breadcrumb\":{\"@id\":\"https:\\\/\\\/lestilleulsetretat.com\\\/shooting-photos-films\\\/#breadcrumb\"},\"inLanguage\":\"en-GB\",\"potentialAction\":[{\"@type\":\"ReadAction\",\"target\":[\"https:\\\/\\\/lestilleulsetretat.com\\\/shooting-photos-films\\\/\"]}]},{\"@type\":\"BreadcrumbList\",\"@id\":\"https:\\\/\\\/lestilleulsetretat.com\\\/shooting-photos-films\\\/#breadcrumb\",\"itemListElement\":[{\"@type\":\"ListItem\",\"position\":1,\"name\":\"Home\",\"item\":\"https:\\\/\\\/lestilleulsetretat.com\\\/\"},{\"@type\":\"ListItem\",\"position\":2,\"name\":\"Shooting Photos\"}]},{\"@type\":\"WebSite\",\"@id\":\"https:\\\/\\\/lestilleulsetretat.com\\\/#website\",\"url\":\"https:\\\/\\\/lestilleulsetretat.com\\\/\",\"name\":\"Les Tilleuls Etretat\",\"description\":\"Les Tilleuls - H\u00f4tel Particulier\",\"potentialAction\":[{\"@type\":\"SearchAction\",\"target\":{\"@type\":\"EntryPoint\",\"urlTemplate\":\"https:\\\/\\\/lestilleulsetretat.com\\\/?s={search_term_string}\"},\"query-input\":{\"@type\":\"PropertyValueSpecification\",\"valueRequired\":true,\"valueName\":\"search_term_string\"}}],\"inLanguage\":\"en-GB\"}]}<\/script>\n<!-- \/ Yoast SEO plugin. -->","yoast_head_json":{"title":"Shooting Photos - Les Tilleuls Etretat","description":"Vous cherchez un lieu pour une prise de vue photo, \u00e9dito, catalogue, campagne publicitaire\u2026 ou pour un tournage de film, pub ou long-m\u00e9trage ? Les Tilleuls Etretat est un h\u00f4tel particulier aux vieux parquets d\u2019\u00e9poque, chemin\u00e9es en pierre de caract\u00e8re et d\u00e9coration bourgeoise raffin\u00e9e.","robots":{"index":"index","follow":"follow","max-snippet":"max-snippet:-1","max-image-preview":"max-image-preview:large","max-video-preview":"max-video-preview:-1"},"canonical":"https:\/\/lestilleulsetretat.com\/en\/shooting-photos-films\/","og_locale":"en_GB","og_type":"article","og_title":"Shooting Photos - Les Tilleuls Etretat","og_description":"Vous cherchez un lieu pour une prise de vue photo, \u00e9dito, catalogue, campagne publicitaire\u2026 ou pour un tournage de film, pub ou long-m\u00e9trage ? Les Tilleuls Etretat est un h\u00f4tel particulier aux vieux parquets d\u2019\u00e9poque, chemin\u00e9es en pierre de caract\u00e8re et d\u00e9coration bourgeoise raffin\u00e9e.","og_url":"https:\/\/lestilleulsetretat.com\/en\/shooting-photos-films\/","og_site_name":"Les Tilleuls Etretat","article_publisher":"https:\/\/www.facebook.com\/lestilleuls.etretat","article_modified_time":"2023-10-11T17:15:15+00:00","twitter_card":"summary_large_image","schema":{"@context":"https:\/\/schema.org","@graph":[{"@type":"WebPage","@id":"https:\/\/lestilleulsetretat.com\/shooting-photos-films\/","url":"https:\/\/lestilleulsetretat.com\/shooting-photos-films\/","name":"Shooting Photos - Les Tilleuls Etretat","isPartOf":{"@id":"https:\/\/lestilleulsetretat.com\/#website"},"datePublished":"2019-11-06T17:20:39+00:00","dateModified":"2023-10-11T17:15:15+00:00","description":"Vous cherchez un lieu pour une prise de vue photo, \u00e9dito, catalogue, campagne publicitaire\u2026 ou pour un tournage de film, pub ou long-m\u00e9trage ? Les Tilleuls Etretat est un h\u00f4tel particulier aux vieux parquets d\u2019\u00e9poque, chemin\u00e9es en pierre de caract\u00e8re et d\u00e9coration bourgeoise raffin\u00e9e.","breadcrumb":{"@id":"https:\/\/lestilleulsetretat.com\/shooting-photos-films\/#breadcrumb"},"inLanguage":"en-GB","potentialAction":[{"@type":"ReadAction","target":["https:\/\/lestilleulsetretat.com\/shooting-photos-films\/"]}]},{"@type":"BreadcrumbList","@id":"https:\/\/lestilleulsetretat.com\/shooting-photos-films\/#breadcrumb","itemListElement":[{"@type":"ListItem","position":1,"name":"Home","item":"https:\/\/lestilleulsetretat.com\/"},{"@type":"ListItem","position":2,"name":"Shooting Photos"}]},{"@type":"WebSite","@id":"https:\/\/lestilleulsetretat.com\/#website","url":"https:\/\/lestilleulsetretat.com\/","name":"Les Tilleuls Etretat","description":"Les Tilleuls - H\u00f4tel Particulier","potentialAction":[{"@type":"SearchAction","target":{"@type":"EntryPoint","urlTemplate":"https:\/\/lestilleulsetretat.com\/?s={search_term_string}"},"query-input":{"@type":"PropertyValueSpecification","valueRequired":true,"valueName":"search_term_string"}}],"inLanguage":"en-GB"}]}},"_links":{"self":[{"href":"https:\/\/lestilleulsetretat.com\/en\/wp-json\/wp\/v2\/pages\/4821","targetHints":{"allow":["GET"]}}],"collection":[{"href":"https:\/\/lestilleulsetretat.com\/en\/wp-json\/wp\/v2\/pages"}],"about":[{"href":"https:\/\/lestilleulsetretat.com\/en\/wp-json\/wp\/v2\/types\/page"}],"author":[{"embeddable":true,"href":"https:\/\/lestilleulsetretat.com\/en\/wp-json\/wp\/v2\/users\/1"}],"replies":[{"embeddable":true,"href":"https:\/\/lestilleulsetretat.com\/en\/wp-json\/wp\/v2\/comments?post=4821"}],"version-history":[{"count":11,"href":"https:\/\/lestilleulsetretat.com\/en\/wp-json\/wp\/v2\/pages\/4821\/revisions"}],"predecessor-version":[{"id":6055,"href":"https:\/\/lestilleulsetretat.com\/en\/wp-json\/wp\/v2\/pages\/4821\/revisions\/6055"}],"wp:attachment":[{"href":"https:\/\/lestilleulsetretat.com\/en\/wp-json\/wp\/v2\/media?parent=4821"}],"curies":[{"name":"wp","href":"https:\/\/api.w.org\/{rel}","templated":true}]}}