{"id":4843,"date":"2019-11-08T12:34:27","date_gmt":"2019-11-08T11:34:27","guid":{"rendered":"https:\/\/lestilleulsetretat.com\/?page_id=4843"},"modified":"2023-10-11T19:14:36","modified_gmt":"2023-10-11T17:14:36","slug":"privatisations","status":"publish","type":"page","link":"https:\/\/lestilleulsetretat.com\/en\/privatisations\/","title":{"rendered":"Privatizations"},"content":{"rendered":"","protected":false},"excerpt":{"rendered":"","protected":false},"author":1,"featured_media":0,"parent":0,"menu_order":0,"comment_status":"closed","ping_status":"closed","template":"","meta":{"footnotes":""},"class_list":["post-4843","page","type-page","status-publish","hentry","page_category-privatisations"],"yoast_head":"<!-- This site is optimized with the Yoast SEO plugin v27.4 - https:\/\/yoast.com\/product\/yoast-seo-wordpress\/ -->\n<title>Privatisations - Les Tilleuls Etretat<\/title>\n<meta name=\"description\" content=\"Les Tilleuls Etretat propose de privatiser les lieux pour votre s\u00e9jour en famille ou en amis, vos \u00e9v\u00e9nements (anniversaire, mariage, EVJF\u2026) ou simplement pour profiter du lieu de fa\u00e7on plus personnalis\u00e9e. Faites des Tilleuls votre \u201cchez vous\u201d pour quelques jours ou plus\u2026Le tout accompagn\u00e9 d\u2019un service h\u00f4telier sur mesure.\" \/>\n<meta name=\"robots\" content=\"index, follow, max-snippet:-1, max-image-preview:large, max-video-preview:-1\" \/>\n<link rel=\"canonical\" href=\"https:\/\/lestilleulsetretat.com\/en\/privatisations\/\" \/>\n<meta property=\"og:locale\" content=\"en_GB\" \/>\n<meta property=\"og:type\" content=\"article\" \/>\n<meta property=\"og:title\" content=\"Privatisations - Les Tilleuls Etretat\" \/>\n<meta property=\"og:description\" content=\"Les Tilleuls Etretat propose de privatiser les lieux pour votre s\u00e9jour en famille ou en amis, vos \u00e9v\u00e9nements (anniversaire, mariage, EVJF\u2026) ou simplement pour profiter du lieu de fa\u00e7on plus personnalis\u00e9e. Faites des Tilleuls votre \u201cchez vous\u201d pour quelques jours ou plus\u2026Le tout accompagn\u00e9 d\u2019un service h\u00f4telier sur mesure.\" \/>\n<meta property=\"og:url\" content=\"https:\/\/lestilleulsetretat.com\/en\/privatisations\/\" \/>\n<meta property=\"og:site_name\" content=\"Les Tilleuls Etretat\" \/>\n<meta property=\"article:publisher\" content=\"https:\/\/www.facebook.com\/lestilleuls.etretat\" \/>\n<meta property=\"article:modified_time\" content=\"2023-10-11T17:14:36+00:00\" \/>\n<meta name=\"twitter:card\" content=\"summary_large_image\" \/>\n<script type=\"application\/ld+json\" class=\"yoast-schema-graph\">{\"@context\":\"https:\\\/\\\/schema.org\",\"@graph\":[{\"@type\":\"WebPage\",\"@id\":\"https:\\\/\\\/lestilleulsetretat.com\\\/privatisations\\\/\",\"url\":\"https:\\\/\\\/lestilleulsetretat.com\\\/privatisations\\\/\",\"name\":\"Privatisations - Les Tilleuls Etretat\",\"isPartOf\":{\"@id\":\"https:\\\/\\\/lestilleulsetretat.com\\\/#website\"},\"datePublished\":\"2019-11-08T11:34:27+00:00\",\"dateModified\":\"2023-10-11T17:14:36+00:00\",\"description\":\"Les Tilleuls Etretat propose de privatiser les lieux pour votre s\u00e9jour en famille ou en amis, vos \u00e9v\u00e9nements (anniversaire, mariage, EVJF\u2026) ou simplement pour profiter du lieu de fa\u00e7on plus personnalis\u00e9e. Faites des Tilleuls votre \u201cchez vous\u201d pour quelques jours ou plus\u2026Le tout accompagn\u00e9 d\u2019un service h\u00f4telier sur mesure.\",\"breadcrumb\":{\"@id\":\"https:\\\/\\\/lestilleulsetretat.com\\\/privatisations\\\/#breadcrumb\"},\"inLanguage\":\"en-GB\",\"potentialAction\":[{\"@type\":\"ReadAction\",\"target\":[\"https:\\\/\\\/lestilleulsetretat.com\\\/privatisations\\\/\"]}]},{\"@type\":\"BreadcrumbList\",\"@id\":\"https:\\\/\\\/lestilleulsetretat.com\\\/privatisations\\\/#breadcrumb\",\"itemListElement\":[{\"@type\":\"ListItem\",\"position\":1,\"name\":\"Home\",\"item\":\"https:\\\/\\\/lestilleulsetretat.com\\\/\"},{\"@type\":\"ListItem\",\"position\":2,\"name\":\"Privatisations\"}]},{\"@type\":\"WebSite\",\"@id\":\"https:\\\/\\\/lestilleulsetretat.com\\\/#website\",\"url\":\"https:\\\/\\\/lestilleulsetretat.com\\\/\",\"name\":\"Les Tilleuls Etretat\",\"description\":\"Les Tilleuls - H\u00f4tel Particulier\",\"potentialAction\":[{\"@type\":\"SearchAction\",\"target\":{\"@type\":\"EntryPoint\",\"urlTemplate\":\"https:\\\/\\\/lestilleulsetretat.com\\\/?s={search_term_string}\"},\"query-input\":{\"@type\":\"PropertyValueSpecification\",\"valueRequired\":true,\"valueName\":\"search_term_string\"}}],\"inLanguage\":\"en-GB\"}]}<\/script>\n<!-- \/ Yoast SEO plugin. -->","yoast_head_json":{"title":"Privatisations - Les Tilleuls Etretat","description":"Les Tilleuls Etretat offers to privatise its house for your stay with family or friends, for your events (birthdays, weddings, bachelor(ette) parties\u2026) or simply to enjoy this unique venue in a more personal way. Make Les Tilleuls your home for a few days or more\u2026all of it with tailor-made personalised service.","robots":{"index":"index","follow":"follow","max-snippet":"max-snippet:-1","max-image-preview":"max-image-preview:large","max-video-preview":"max-video-preview:-1"},"canonical":"https:\/\/lestilleulsetretat.com\/en\/privatisations\/","og_locale":"en_GB","og_type":"article","og_title":"Privatisations - Les Tilleuls Etretat","og_description":"Les Tilleuls Etretat propose de privatiser les lieux pour votre s\u00e9jour en famille ou en amis, vos \u00e9v\u00e9nements (anniversaire, mariage, EVJF\u2026) ou simplement pour profiter du lieu de fa\u00e7on plus personnalis\u00e9e. Faites des Tilleuls votre \u201cchez vous\u201d pour quelques jours ou plus\u2026Le tout accompagn\u00e9 d\u2019un service h\u00f4telier sur mesure.","og_url":"https:\/\/lestilleulsetretat.com\/en\/privatisations\/","og_site_name":"Les Tilleuls Etretat","article_publisher":"https:\/\/www.facebook.com\/lestilleuls.etretat","article_modified_time":"2023-10-11T17:14:36+00:00","twitter_card":"summary_large_image","schema":{"@context":"https:\/\/schema.org","@graph":[{"@type":"WebPage","@id":"https:\/\/lestilleulsetretat.com\/privatisations\/","url":"https:\/\/lestilleulsetretat.com\/privatisations\/","name":"Privatisations - Les Tilleuls Etretat","isPartOf":{"@id":"https:\/\/lestilleulsetretat.com\/#website"},"datePublished":"2019-11-08T11:34:27+00:00","dateModified":"2023-10-11T17:14:36+00:00","description":"Les Tilleuls Etretat offers to privatise its house for your stay with family or friends, for your events (birthdays, weddings, bachelor(ette) parties\u2026) or simply to enjoy this unique venue in a more personal way. Make Les Tilleuls your home for a few days or more\u2026all of it with tailor-made personalised service.","breadcrumb":{"@id":"https:\/\/lestilleulsetretat.com\/privatisations\/#breadcrumb"},"inLanguage":"en-GB","potentialAction":[{"@type":"ReadAction","target":["https:\/\/lestilleulsetretat.com\/privatisations\/"]}]},{"@type":"BreadcrumbList","@id":"https:\/\/lestilleulsetretat.com\/privatisations\/#breadcrumb","itemListElement":[{"@type":"ListItem","position":1,"name":"Home","item":"https:\/\/lestilleulsetretat.com\/"},{"@type":"ListItem","position":2,"name":"Privatisations"}]},{"@type":"WebSite","@id":"https:\/\/lestilleulsetretat.com\/#website","url":"https:\/\/lestilleulsetretat.com\/","name":"Les Tilleuls Etretat","description":"Les Tilleuls - H\u00f4tel Particulier","potentialAction":[{"@type":"SearchAction","target":{"@type":"EntryPoint","urlTemplate":"https:\/\/lestilleulsetretat.com\/?s={search_term_string}"},"query-input":{"@type":"PropertyValueSpecification","valueRequired":true,"valueName":"search_term_string"}}],"inLanguage":"en-GB"}]}},"_links":{"self":[{"href":"https:\/\/lestilleulsetretat.com\/en\/wp-json\/wp\/v2\/pages\/4843","targetHints":{"allow":["GET"]}}],"collection":[{"href":"https:\/\/lestilleulsetretat.com\/en\/wp-json\/wp\/v2\/pages"}],"about":[{"href":"https:\/\/lestilleulsetretat.com\/en\/wp-json\/wp\/v2\/types\/page"}],"author":[{"embeddable":true,"href":"https:\/\/lestilleulsetretat.com\/en\/wp-json\/wp\/v2\/users\/1"}],"replies":[{"embeddable":true,"href":"https:\/\/lestilleulsetretat.com\/en\/wp-json\/wp\/v2\/comments?post=4843"}],"version-history":[{"count":10,"href":"https:\/\/lestilleulsetretat.com\/en\/wp-json\/wp\/v2\/pages\/4843\/revisions"}],"predecessor-version":[{"id":6054,"href":"https:\/\/lestilleulsetretat.com\/en\/wp-json\/wp\/v2\/pages\/4843\/revisions\/6054"}],"wp:attachment":[{"href":"https:\/\/lestilleulsetretat.com\/en\/wp-json\/wp\/v2\/media?parent=4843"}],"curies":[{"name":"wp","href":"https:\/\/api.w.org\/{rel}","templated":true}]}}