{"id":5570,"date":"2021-06-14T14:05:47","date_gmt":"2021-06-14T12:05:47","guid":{"rendered":"https:\/\/lestilleulsetretat.com\/?page_id=5570"},"modified":"2021-06-14T14:05:47","modified_gmt":"2021-06-14T12:05:47","slug":"yoga-thai-yoga-massage","status":"publish","type":"page","link":"https:\/\/lestilleulsetretat.com\/en\/yoga-thai-yoga-massage\/","title":{"rendered":"Yoga &#038; Tha\u00ef Yoga Massage"},"content":{"rendered":"","protected":false},"excerpt":{"rendered":"","protected":false},"author":2,"featured_media":0,"parent":0,"menu_order":0,"comment_status":"closed","ping_status":"open","template":"","meta":{"footnotes":""},"class_list":["post-5570","page","type-page","status-publish","hentry","page_category-offres-speciales","page_category-retraites"],"yoast_head":"<!-- This site is optimized with the Yoast SEO plugin v27.4 - https:\/\/yoast.com\/product\/yoast-seo-wordpress\/ -->\n<title>Yoga &amp; Tha\u00ef Yoga Massage - Les Tilleuls Etretat<\/title>\n<meta name=\"description\" content=\"Les Tilleuls est un h\u00f4tel particulier de 1738 dans une maison bourgeoise du Second Empire. Ce lieu privil\u00e9gi\u00e9 est situ\u00e9e dans un nid de verdure en plein c\u0153ur d\u2019Etretat \u00e0 300 m\u00e8tres des falaises.\" \/>\n<meta name=\"robots\" content=\"index, follow, max-snippet:-1, max-image-preview:large, max-video-preview:-1\" \/>\n<link rel=\"canonical\" href=\"https:\/\/lestilleulsetretat.com\/en\/yoga-thai-yoga-massage\/\" \/>\n<meta property=\"og:locale\" content=\"en_GB\" \/>\n<meta property=\"og:type\" content=\"article\" \/>\n<meta property=\"og:title\" content=\"Yoga &amp; Tha\u00ef Yoga Massage - Les Tilleuls Etretat\" \/>\n<meta property=\"og:description\" content=\"Les Tilleuls est un h\u00f4tel particulier de 1738 dans une maison bourgeoise du Second Empire. Ce lieu privil\u00e9gi\u00e9 est situ\u00e9e dans un nid de verdure en plein c\u0153ur d\u2019Etretat \u00e0 300 m\u00e8tres des falaises.\" \/>\n<meta property=\"og:url\" content=\"https:\/\/lestilleulsetretat.com\/en\/yoga-thai-yoga-massage\/\" \/>\n<meta property=\"og:site_name\" content=\"Les Tilleuls Etretat\" \/>\n<meta property=\"article:publisher\" content=\"https:\/\/www.facebook.com\/lestilleuls.etretat\" \/>\n<meta name=\"twitter:card\" content=\"summary_large_image\" \/>\n<script type=\"application\/ld+json\" class=\"yoast-schema-graph\">{\"@context\":\"https:\\\/\\\/schema.org\",\"@graph\":[{\"@type\":\"WebPage\",\"@id\":\"https:\\\/\\\/lestilleulsetretat.com\\\/yoga-thai-yoga-massage\\\/\",\"url\":\"https:\\\/\\\/lestilleulsetretat.com\\\/yoga-thai-yoga-massage\\\/\",\"name\":\"Yoga & Tha\u00ef Yoga Massage - Les Tilleuls Etretat\",\"isPartOf\":{\"@id\":\"https:\\\/\\\/lestilleulsetretat.com\\\/#website\"},\"datePublished\":\"2021-06-14T12:05:47+00:00\",\"description\":\"Les Tilleuls est un h\u00f4tel particulier de 1738 dans une maison bourgeoise du Second Empire. Ce lieu privil\u00e9gi\u00e9 est situ\u00e9e dans un nid de verdure en plein c\u0153ur d\u2019Etretat \u00e0 300 m\u00e8tres des falaises.\",\"breadcrumb\":{\"@id\":\"https:\\\/\\\/lestilleulsetretat.com\\\/yoga-thai-yoga-massage\\\/#breadcrumb\"},\"inLanguage\":\"en-GB\",\"potentialAction\":[{\"@type\":\"ReadAction\",\"target\":[\"https:\\\/\\\/lestilleulsetretat.com\\\/yoga-thai-yoga-massage\\\/\"]}]},{\"@type\":\"BreadcrumbList\",\"@id\":\"https:\\\/\\\/lestilleulsetretat.com\\\/yoga-thai-yoga-massage\\\/#breadcrumb\",\"itemListElement\":[{\"@type\":\"ListItem\",\"position\":1,\"name\":\"Home\",\"item\":\"https:\\\/\\\/lestilleulsetretat.com\\\/\"},{\"@type\":\"ListItem\",\"position\":2,\"name\":\"Yoga &#038; Tha\u00ef Yoga Massage\"}]},{\"@type\":\"WebSite\",\"@id\":\"https:\\\/\\\/lestilleulsetretat.com\\\/#website\",\"url\":\"https:\\\/\\\/lestilleulsetretat.com\\\/\",\"name\":\"Les Tilleuls Etretat\",\"description\":\"Les Tilleuls - H\u00f4tel Particulier\",\"potentialAction\":[{\"@type\":\"SearchAction\",\"target\":{\"@type\":\"EntryPoint\",\"urlTemplate\":\"https:\\\/\\\/lestilleulsetretat.com\\\/?s={search_term_string}\"},\"query-input\":{\"@type\":\"PropertyValueSpecification\",\"valueRequired\":true,\"valueName\":\"search_term_string\"}}],\"inLanguage\":\"en-GB\"}]}<\/script>\n<!-- \/ Yoast SEO plugin. -->","yoast_head_json":{"title":"Yoga & Tha\u00ef Yoga Massage - Les Tilleuls Etretat","description":"The h\u00f4tel particulier Les Tilleuls is a traditional bourgeois house. Built in 1738, this unique place is a haven of peace in the heart of Etretat, 300 meters from the cliffs.","robots":{"index":"index","follow":"follow","max-snippet":"max-snippet:-1","max-image-preview":"max-image-preview:large","max-video-preview":"max-video-preview:-1"},"canonical":"https:\/\/lestilleulsetretat.com\/en\/yoga-thai-yoga-massage\/","og_locale":"en_GB","og_type":"article","og_title":"Yoga & Tha\u00ef Yoga Massage - Les Tilleuls Etretat","og_description":"Les Tilleuls est un h\u00f4tel particulier de 1738 dans une maison bourgeoise du Second Empire. Ce lieu privil\u00e9gi\u00e9 est situ\u00e9e dans un nid de verdure en plein c\u0153ur d\u2019Etretat \u00e0 300 m\u00e8tres des falaises.","og_url":"https:\/\/lestilleulsetretat.com\/en\/yoga-thai-yoga-massage\/","og_site_name":"Les Tilleuls Etretat","article_publisher":"https:\/\/www.facebook.com\/lestilleuls.etretat","twitter_card":"summary_large_image","schema":{"@context":"https:\/\/schema.org","@graph":[{"@type":"WebPage","@id":"https:\/\/lestilleulsetretat.com\/yoga-thai-yoga-massage\/","url":"https:\/\/lestilleulsetretat.com\/yoga-thai-yoga-massage\/","name":"Yoga & Tha\u00ef Yoga Massage - Les Tilleuls Etretat","isPartOf":{"@id":"https:\/\/lestilleulsetretat.com\/#website"},"datePublished":"2021-06-14T12:05:47+00:00","description":"The h\u00f4tel particulier Les Tilleuls is a traditional bourgeois house. Built in 1738, this unique place is a haven of peace in the heart of Etretat, 300 meters from the cliffs.","breadcrumb":{"@id":"https:\/\/lestilleulsetretat.com\/yoga-thai-yoga-massage\/#breadcrumb"},"inLanguage":"en-GB","potentialAction":[{"@type":"ReadAction","target":["https:\/\/lestilleulsetretat.com\/yoga-thai-yoga-massage\/"]}]},{"@type":"BreadcrumbList","@id":"https:\/\/lestilleulsetretat.com\/yoga-thai-yoga-massage\/#breadcrumb","itemListElement":[{"@type":"ListItem","position":1,"name":"Home","item":"https:\/\/lestilleulsetretat.com\/"},{"@type":"ListItem","position":2,"name":"Yoga &#038; Tha\u00ef Yoga Massage"}]},{"@type":"WebSite","@id":"https:\/\/lestilleulsetretat.com\/#website","url":"https:\/\/lestilleulsetretat.com\/","name":"Les Tilleuls Etretat","description":"Les Tilleuls - H\u00f4tel Particulier","potentialAction":[{"@type":"SearchAction","target":{"@type":"EntryPoint","urlTemplate":"https:\/\/lestilleulsetretat.com\/?s={search_term_string}"},"query-input":{"@type":"PropertyValueSpecification","valueRequired":true,"valueName":"search_term_string"}}],"inLanguage":"en-GB"}]}},"_links":{"self":[{"href":"https:\/\/lestilleulsetretat.com\/en\/wp-json\/wp\/v2\/pages\/5570","targetHints":{"allow":["GET"]}}],"collection":[{"href":"https:\/\/lestilleulsetretat.com\/en\/wp-json\/wp\/v2\/pages"}],"about":[{"href":"https:\/\/lestilleulsetretat.com\/en\/wp-json\/wp\/v2\/types\/page"}],"author":[{"embeddable":true,"href":"https:\/\/lestilleulsetretat.com\/en\/wp-json\/wp\/v2\/users\/2"}],"replies":[{"embeddable":true,"href":"https:\/\/lestilleulsetretat.com\/en\/wp-json\/wp\/v2\/comments?post=5570"}],"version-history":[{"count":2,"href":"https:\/\/lestilleulsetretat.com\/en\/wp-json\/wp\/v2\/pages\/5570\/revisions"}],"predecessor-version":[{"id":5575,"href":"https:\/\/lestilleulsetretat.com\/en\/wp-json\/wp\/v2\/pages\/5570\/revisions\/5575"}],"wp:attachment":[{"href":"https:\/\/lestilleulsetretat.com\/en\/wp-json\/wp\/v2\/media?parent=5570"}],"curies":[{"name":"wp","href":"https:\/\/api.w.org\/{rel}","templated":true}]}}